{"id":106,"date":"2015-09-07T17:46:05","date_gmt":"2015-09-07T16:46:05","guid":{"rendered":"http:\/\/tommustester.wpengine.com\/?page_id=70"},"modified":"2025-06-17T11:03:08","modified_gmt":"2025-06-17T09:03:08","slug":"wide-header","status":"publish","type":"page","link":"https:\/\/www.ristorante-ilpeperoncino.de\/","title":{"rendered":"Il Peperoncino"},"content":{"rendered":"<p>[vc_row css=&#8220;.vc_custom_1441801916571{padding-bottom: 0px !important;}&#8220; el_id=&#8220;about&#8220;][vc_column width=&#8220;1\/4&#8243;][\/vc_column][vc_column width=&#8220;1\/2&#8243;]\n\t\t<div class=\"row  mb64 mb-xs-40\">\n\t\t    <div class=\"col-sm-12 text-center\">\n\t\t        <div class=\"ribbon\">\n\t\t            <h6 class=\"uppercase mb0\">Willkommen im Ristorante &#8222;Il Peperoncino&#8220; in Obernburg<\/h6>\n\t\t        <\/div>\n\t\t    <\/div>\n\t\t<\/div>\n\t[vc_column_text]<\/p>\n<p style=\"text-align: center;\">Das Angebot von Il Peperoncino ist einfach: unkomplizierte, immer frisch zubereitete typisch italienische Gerichte in einem lichtdurchfluteten, modernen Raum \u2013 in den Sommermonaten auch drau\u00dfen auf der Terrasse.<\/p>\n<p style=\"text-align: center;\">Wo einst r\u00f6mische Legion\u00e4re lebten, genie\u00dfen Sie heute die Leichtigkeit und den Geschmack Italiens. Auf dem sonnigen Wendelinusplatz im Herzen der alten R\u00f6merstadt Obernburg am Main servieren wir Ihnen feine, frisch zubereitete Spezialit\u00e4ten \u2013 mit Leidenschaft und Liebe zum Detail.<\/p>\n<p style=\"text-align: center;\">Lassen Sie sich verw\u00f6hnen bei Pasta, Pizza, Wein und dem unverwechselbaren Lebensgef\u00fchl des S\u00fcdens \u2013 wir freuen uns auf Ihren Besuch.<\/p>\n<p style=\"text-align: center;\"><strong>Unsere Spezialit\u00e4t:<\/strong> Die 30-cm-Pizzas aus dem Holzofen \u2013 un\u00fcbertroffen lecker und knusprig.<br \/>\nWir verwenden nur die frischesten Zutaten und backen sie in unserem Holzofen auf traditionelle Weise, um Ihnen ein authentisches Geschmackserlebnis zu bieten.<\/p>\n<p style=\"text-align: center;\"><span style=\"color: #008000;\"><strong>\u00d6ffnungszeiten:<br \/>\nMo \u2013 Sa: 11 \u2013 14:00 Uhr und 17 \u2013 22:00 Uhr\u00a0 | \u00a0So: von 11 \u2013 21:30 Uhr\u00a0 | \u00a0Dienstag Ruhetag<br \/>\n<\/strong><\/span>[\/vc_column_text][\/vc_column][vc_column width=&#8220;1\/4&#8243;][\/vc_column][\/vc_row][vc_row css=&#8220;.vc_custom_1441801916571{padding-bottom: 0px !important;}&#8220;][vc_column][vc_single_image image=&#8220;395&#8243; img_size=&#8220;large&#8220; alignment=&#8220;center&#8220;][\/vc_column][\/vc_row][vc_row content_placement=&#8220;top&#8220; css_animation=&#8220;slideInDown&#8220;][vc_column width=&#8220;1\/4&#8243;][\/vc_column][vc_column width=&#8220;1\/2&#8243;]\n\t\t<div class=\"row  mb64 mb-xs-40\">\n\t\t    <div class=\"col-sm-12 text-center\">\n\t\t        <div class=\"ribbon\">\n\t\t            <h6 class=\"uppercase mb0\">Das sagen unsere G\u00e4ste \u00fcber uns\u2026<\/h6>\n\t\t        <\/div>\n\t\t    <\/div>\n\t\t<\/div>\n\t\n\t\t<div class=\"row mb64 mb-xs-24\">\n\t\t    <div class=\"col-md-10 col-md-offset-1 text-center\">\n\t\t        <p class=\"alt-font mb8\">Tolle Location, chices Ambiente, super Personal \u2013 sehr aufmerksam, und leckeres Essen. Wir kommen sehr gerne wieder.<\/p>\n\t\t        <span class=\"sub\">Christa Seidel<\/span>\n\t\t    <\/div>\n\t\t<\/div>\n\t\n\t\t<div class=\"row mb64 mb-xs-24\">\n\t\t    <div class=\"col-md-10 col-md-offset-1 text-center\">\n\t\t        <p class=\"alt-font mb8\">Sehr ansprechendes Ambiente Sowohl die Au\u00dfenterrasse als auch Innen l\u00e4sst es sich wohl f\u00fchlen. Das Personal ist sehr zuvorkommend und freundlich. Die Speisenauswahl ist toll. Auf Sonderw\u00fcnsche wird eingegangen. Die Gerichte sind perfekt und wurden zeitgleich bei einer 4er Gruppe serviert. Wir waren sehr begeistert.<\/p>\n\t\t        <span class=\"sub\">Tina Hagen<\/span>\n\t\t    <\/div>\n\t\t<\/div>\n\t\n\t\t<div class=\"row mb64 mb-xs-24\">\n\t\t    <div class=\"col-md-10 col-md-offset-1 text-center\">\n\t\t        <p class=\"alt-font mb8\">``Wir waren heute das erste mal dort und wir waren sehr zufrieden! Das Essen war sehr lecker, das Ambiente ist sehr gem\u00fctlich, dazu kam noch der nette und freundliche Umgang mit unseren Bambini. Vielen Dank und weiter so \u2013 wir kommen gerne wieder!``<\/p>\n\t\t        <span class=\"sub\">Annika Kempf<\/span>\n\t\t    <\/div>\n\t\t<\/div>\n\t\n\t\t<div class=\"row mb64 mb-xs-24\">\n\t\t    <div class=\"col-md-10 col-md-offset-1 text-center\">\n\t\t        <p class=\"alt-font mb8\">``Das Essen (sowohl meines als auch das meiner Begleiterinnen) war lecker, f\u00fcr mich pers\u00f6nlich h\u00e4tte das Schnitzel Diavolo durchaus sch\u00e4rfer sein k\u00f6nnen (ich esse allerdings gerne gut scharf und bin da nicht unbedingt eine Referenz).<br \/>\nEinen Punkt Abzug gibt es f\u00fcr die Lautst\u00e4rke, die bauliche Ursachen hat und daf\u00fcr dass die Bedingungen ein bisschen mehr Aufmerksamkeit an den Tag h\u00e4tten legen k\u00f6nnen. Alles in allem durchaus einen Besuch wert.``<\/p>\n\t\t        <span class=\"sub\">Thomas Herrmann<\/span>\n\t\t    <\/div>\n\t\t<\/div>\n\t[\/vc_column][vc_column width=&#8220;1\/4&#8243;][\/vc_column][\/vc_row][vc_row content_placement=&#8220;middle&#8220; css=&#8220;.vc_custom_1573493909702{padding-bottom: 0px !important;}&#8220; el_id=&#8220;gallery&#8220;][vc_column]\n\t\t<div class=\"row  mb64 mb-xs-40\">\n\t\t    <div class=\"col-sm-12 text-center\">\n\t\t        <div class=\"ribbon\">\n\t\t            <h6 class=\"uppercase mb0\">Bildergalerie<\/h6>\n\t\t        <\/div>\n\t\t    <\/div>\n\t\t<\/div>\n\t[vc_gallery type=&#8220;image_grid&#8220; images=&#8220;17,22,27,26,16,30,21,32,15,23,14,19,18,13&#8243; img_size=&#8220;150&#215;150&#8243; css_animation=&#8220;zoomIn&#8220;][\/vc_column][\/vc_row][vc_row el_id=&#8220;contact&#8220;][vc_column css_animation=&#8220;zoomIn&#8220;]\n\t\t<div class=\"row  mb64 mb-xs-40\">\n\t\t    <div class=\"col-sm-12 text-center\">\n\t\t        <div class=\"ribbon\">\n\t\t            <h6 class=\"uppercase mb0\">Kontaktinfos<\/h6>\n\t\t        <\/div>\n\t\t    <\/div>\n\t\t<\/div>\n\t[vc_gmaps link=&#8220;#E-8_JTNDaWZyYW1lJTIwc3JjJTNEJTIyaHR0cHMlM0ElMkYlMkZ3d3cuZ29vZ2xlLmNvbSUyRm1hcHMlMkZlbWJlZCUzRnBiJTNEJTIxMW0xOCUyMTFtMTIlMjExbTMlMjExZDI1NzMuMTUzNDg3MTcwNzczJTIxMmQ5LjE0MTM5NTc1MDkyNjclMjEzZDQ5LjgzOTU3MzQ3OTI5NDU5JTIxMm0zJTIxMWYwJTIxMmYwJTIxM2YwJTIxM20yJTIxMWkxMDI0JTIxMmk3NjglMjE0ZjEzLjElMjEzbTMlMjExbTIlMjExczB4NDdiZDRmZGJkNjlhNmM0OSUyNTNBMHgxZGY0MjQ1ZjY1MmYzZjI5JTIxMnNSaXN0b3JhbnRlJTI1MjBJbCUyNTIwUGVwZXJvbmNpbm8lMjE1ZTAlMjEzbTIlMjExc2RlJTIxMnNkZSUyMTR2MTU3Mjk2MjQ5NDE0MyUyMTVtMiUyMTFzZGUlMjEyc2RlJTIyJTIwd2lkdGglM0QlMjI2MDAlMjIlMjBoZWlnaHQlM0QlMjI0NTAlMjIlMjBmcmFtZWJvcmRlciUzRCUyMjAlMjIlMjBzdHlsZSUzRCUyMmJvcmRlciUzQTAlM0IlMjIlMjBhbGxvd2Z1bGxzY3JlZW4lM0QlMjIlMjIlM0UlM0MlMkZpZnJhbWUlM0U=&#8220; css_animation=&#8220;zoomIn&#8220;]<strong>\u00d6ffnungszeiten:<br \/>\n<\/strong><strong><span style=\"color: #008000;\">Mo \u2013 Sa: 11 \u2013 14:00 Uhr und 17 \u2013 22:00 Uhr\u00a0 | \u00a0So: von 11 \u2013 21:30 Uhr<\/span><br \/>\nDienstag Ruhetag<br \/>\n<\/strong><\/p>\n<p>Ristorante Il Peperoncino<br \/>\nWendelinusplatz 1<br \/>\n63785 Obernburg a. Main<br \/>\nTelefon: 06022-506293<\/p>\n<p>Email: <a href=\"mailto:ristorantepeperoncino06@gmail.com\">ristorantepeperoncino06@gmail.com<\/a>[\/vc_gmaps][\/vc_column][\/vc_row]<\/p>\n","protected":false},"excerpt":{"rendered":"<p>[vc_row css=&#8220;.vc_custom_1441801916571{padding-bottom: 0px !important;}&#8220; el_id=&#8220;about&#8220;][vc_column width=&#8220;1\/4&#8243;][\/vc_column][vc_column width=&#8220;1\/2&#8243;][vc_column_text] Das Angebot von Il Peperoncino ist einfach: unkomplizierte, immer frisch zubereitete typisch italienische Gerichte in einem lichtdurchfluteten, modernen Raum \u2013 in den Sommermonaten auch drau\u00dfen auf der Terrasse. Wo einst r\u00f6mische Legion\u00e4re lebten, genie\u00dfen Sie heute die Leichtigkeit und den Geschmack Italiens. Auf dem sonnigen Wendelinusplatz im Herzen [&hellip;]<\/p>\n","protected":false},"author":1,"featured_media":0,"parent":0,"menu_order":0,"comment_status":"closed","ping_status":"closed","template":"","meta":[],"_links":{"self":[{"href":"https:\/\/www.ristorante-ilpeperoncino.de\/index.php\/wp-json\/wp\/v2\/pages\/106"}],"collection":[{"href":"https:\/\/www.ristorante-ilpeperoncino.de\/index.php\/wp-json\/wp\/v2\/pages"}],"about":[{"href":"https:\/\/www.ristorante-ilpeperoncino.de\/index.php\/wp-json\/wp\/v2\/types\/page"}],"author":[{"embeddable":true,"href":"https:\/\/www.ristorante-ilpeperoncino.de\/index.php\/wp-json\/wp\/v2\/users\/1"}],"replies":[{"embeddable":true,"href":"https:\/\/www.ristorante-ilpeperoncino.de\/index.php\/wp-json\/wp\/v2\/comments?post=106"}],"version-history":[{"count":82,"href":"https:\/\/www.ristorante-ilpeperoncino.de\/index.php\/wp-json\/wp\/v2\/pages\/106\/revisions"}],"predecessor-version":[{"id":396,"href":"https:\/\/www.ristorante-ilpeperoncino.de\/index.php\/wp-json\/wp\/v2\/pages\/106\/revisions\/396"}],"wp:attachment":[{"href":"https:\/\/www.ristorante-ilpeperoncino.de\/index.php\/wp-json\/wp\/v2\/media?parent=106"}],"curies":[{"name":"wp","href":"https:\/\/api.w.org\/{rel}","templated":true}]}}